{"id":10578,"date":"2026-04-04T16:15:58","date_gmt":"2026-04-04T14:15:58","guid":{"rendered":"https:\/\/edenmassage.eu\/?page_id=10578"},"modified":"2026-04-05T11:49:35","modified_gmt":"2026-04-05T09:49:35","slug":"emily-budapest-erotic-massage","status":"publish","type":"page","link":"https:\/\/edenmassage.eu\/en\/erotic-massage-budapest-erotic-masseuses\/emily-budapest-erotic-massage\/","title":{"rendered":"Emily"},"content":{"rendered":"<div data-elementor-type=\"wp-page\" data-elementor-id=\"10578\" class=\"elementor elementor-10578\" data-elementor-post-type=\"page\">\n\t\t\t\t\t\t<section class=\"elementor-section elementor-top-section elementor-element elementor-element-e8cd79b elementor-section-full_width elementor-section-height-default elementor-section-height-default\" data-id=\"e8cd79b\" data-element_type=\"section\" data-settings=\"{&quot;background_background&quot;:&quot;classic&quot;}\">\n\t\t\t\t\t\t<div class=\"elementor-container elementor-column-gap-default\">\n\t\t\t\t\t<div class=\"elementor-column elementor-col-100 elementor-top-column elementor-element elementor-element-7375e20\" data-id=\"7375e20\" data-element_type=\"column\">\n\t\t\t<div class=\"elementor-widget-wrap elementor-element-populated\">\n\t\t\t\t\t\t<div class=\"elementor-element elementor-element-68b42be elementor-widget__width-inherit elementor-position-top elementor-widget elementor-widget-image-box\" data-id=\"68b42be\" data-element_type=\"widget\" data-widget_type=\"image-box.default\">\n\t\t\t\t<div class=\"elementor-widget-container\">\n\t\t\t\t\t<div class=\"elementor-image-box-wrapper\"><figure class=\"elementor-image-box-img\"><img fetchpriority=\"high\" decoding=\"async\" width=\"1666\" height=\"2048\" src=\"https:\/\/edenmassage.eu\/wp-content\/uploads\/2026\/04\/budapest-erotikus-masszazs-4-2.jpeg\" class=\"elementor-animation-grow attachment-full size-full wp-image-10580\" alt=\"budapest-erotic-massage\" title=\"erotic-massage-budapest\" srcset=\"https:\/\/edenmassage.eu\/wp-content\/uploads\/2026\/04\/budapest-erotikus-masszazs-4-2.jpeg 1666w, https:\/\/edenmassage.eu\/wp-content\/uploads\/2026\/04\/budapest-erotikus-masszazs-4-2-244x300.jpeg 244w, https:\/\/edenmassage.eu\/wp-content\/uploads\/2026\/04\/budapest-erotikus-masszazs-4-2-833x1024.jpeg 833w, https:\/\/edenmassage.eu\/wp-content\/uploads\/2026\/04\/budapest-erotikus-masszazs-4-2-768x944.jpeg 768w, https:\/\/edenmassage.eu\/wp-content\/uploads\/2026\/04\/budapest-erotikus-masszazs-4-2-1250x1536.jpeg 1250w, https:\/\/edenmassage.eu\/wp-content\/uploads\/2026\/04\/budapest-erotikus-masszazs-4-2-10x12.jpeg 10w\" sizes=\"(max-width: 1666px) 100vw, 1666px\" \/><\/figure><div class=\"elementor-image-box-content\"><h3 class=\"elementor-image-box-title\">EMILY<\/h3><\/div><\/div>\t\t\t\t<\/div>\n\t\t\t\t<\/div>\n\t\t\t\t<div class=\"elementor-element elementor-element-67cdaf9 elementor-widget elementor-widget-text-editor\" data-id=\"67cdaf9\" data-element_type=\"widget\" data-widget_type=\"text-editor.default\">\n\t\t\t\t<div class=\"elementor-widget-container\">\n\t\t\t\t\t\t\t\t\t<a href=\"tel:+36300912426\">+36-30-091-2426<\/a>\t\t\t\t\t\t\t\t<\/div>\n\t\t\t\t<\/div>\n\t\t\t\t<div class=\"elementor-element elementor-element-d722ebb elementor-align-center elementor-widget elementor-widget-button\" data-id=\"d722ebb\" data-element_type=\"widget\" data-widget_type=\"button.default\">\n\t\t\t\t<div class=\"elementor-widget-container\">\n\t\t\t\t\t\t\t\t\t<div class=\"elementor-button-wrapper\">\n\t\t\t\t\t<a class=\"elementor-button elementor-button-link elementor-size-sm\" href=\"https:\/\/edenmassage.eu\/en\/online-booking\/\">\n\t\t\t\t\t\t<span class=\"elementor-button-content-wrapper\">\n\t\t\t\t\t\t\t\t\t<span class=\"elementor-button-text\">Online booking<\/span>\n\t\t\t\t\t<\/span>\n\t\t\t\t\t<\/a>\n\t\t\t\t<\/div>\n\t\t\t\t\t\t\t\t<\/div>\n\t\t\t\t<\/div>\n\t\t\t\t\t<\/div>\n\t\t<\/div>\n\t\t\t\t\t<\/div>\n\t\t<\/section>\n\t\t\t\t<section class=\"elementor-section elementor-top-section elementor-element elementor-element-8ec4251 elementor-section-full_width elementor-section-height-default elementor-section-height-default\" data-id=\"8ec4251\" data-element_type=\"section\">\n\t\t\t\t\t\t<div class=\"elementor-container elementor-column-gap-default\">\n\t\t\t\t\t<div class=\"elementor-column elementor-col-33 elementor-top-column elementor-element elementor-element-cbfbb07\" data-id=\"cbfbb07\" data-element_type=\"column\">\n\t\t\t<div class=\"elementor-widget-wrap elementor-element-populated\">\n\t\t\t\t\t\t<div class=\"elementor-element elementor-element-0ff41a9 elementor-widget elementor-widget-heading\" data-id=\"0ff41a9\" data-element_type=\"widget\" data-widget_type=\"heading.default\">\n\t\t\t\t<div class=\"elementor-widget-container\">\n\t\t\t\t\t<h5 class=\"elementor-heading-title elementor-size-default\">Details<\/h5>\t\t\t\t<\/div>\n\t\t\t\t<\/div>\n\t\t\t\t<section class=\"elementor-section elementor-inner-section elementor-element elementor-element-931f8ea elementor-section-boxed elementor-section-height-default elementor-section-height-default\" data-id=\"931f8ea\" data-element_type=\"section\">\n\t\t\t\t\t\t<div class=\"elementor-container elementor-column-gap-default\">\n\t\t\t\t\t<div class=\"elementor-column elementor-col-100 elementor-inner-column elementor-element elementor-element-9cba5a0\" data-id=\"9cba5a0\" data-element_type=\"column\">\n\t\t\t<div class=\"elementor-widget-wrap elementor-element-populated\">\n\t\t\t\t\t\t<div class=\"elementor-element elementor-element-7c2ac8e elementor-widget elementor-widget-heading\" data-id=\"7c2ac8e\" data-element_type=\"widget\" data-widget_type=\"heading.default\">\n\t\t\t\t<div class=\"elementor-widget-container\">\n\t\t\t\t\t<h5 class=\"elementor-heading-title elementor-size-default\">Age<\/h5>\t\t\t\t<\/div>\n\t\t\t\t<\/div>\n\t\t\t\t<div class=\"elementor-element elementor-element-c56b8c4 elementor-widget elementor-widget-heading\" data-id=\"c56b8c4\" data-element_type=\"widget\" data-widget_type=\"heading.default\">\n\t\t\t\t<div class=\"elementor-widget-container\">\n\t\t\t\t\t<h5 class=\"elementor-heading-title elementor-size-default\">19<\/h5>\t\t\t\t<\/div>\n\t\t\t\t<\/div>\n\t\t\t\t<div class=\"elementor-element elementor-element-6716d3b elementor-widget elementor-widget-heading\" data-id=\"6716d3b\" data-element_type=\"widget\" data-widget_type=\"heading.default\">\n\t\t\t\t<div class=\"elementor-widget-container\">\n\t\t\t\t\t<h4 class=\"elementor-heading-title elementor-size-default\">Weight<\/h4>\t\t\t\t<\/div>\n\t\t\t\t<\/div>\n\t\t\t\t<div class=\"elementor-element elementor-element-4f9805d elementor-widget elementor-widget-heading\" data-id=\"4f9805d\" data-element_type=\"widget\" data-widget_type=\"heading.default\">\n\t\t\t\t<div class=\"elementor-widget-container\">\n\t\t\t\t\t<h5 class=\"elementor-heading-title elementor-size-default\">45<\/h5>\t\t\t\t<\/div>\n\t\t\t\t<\/div>\n\t\t\t\t<div class=\"elementor-element elementor-element-55b00ef elementor-widget elementor-widget-heading\" data-id=\"55b00ef\" data-element_type=\"widget\" data-widget_type=\"heading.default\">\n\t\t\t\t<div class=\"elementor-widget-container\">\n\t\t\t\t\t<h5 class=\"elementor-heading-title elementor-size-default\">Height<\/h5>\t\t\t\t<\/div>\n\t\t\t\t<\/div>\n\t\t\t\t<div class=\"elementor-element elementor-element-1fd7480 elementor-widget elementor-widget-heading\" data-id=\"1fd7480\" data-element_type=\"widget\" data-widget_type=\"heading.default\">\n\t\t\t\t<div class=\"elementor-widget-container\">\n\t\t\t\t\t<h5 class=\"elementor-heading-title elementor-size-default\">165<\/h5>\t\t\t\t<\/div>\n\t\t\t\t<\/div>\n\t\t\t\t<div class=\"elementor-element elementor-element-e181395 elementor-widget elementor-widget-heading\" data-id=\"e181395\" data-element_type=\"widget\" data-widget_type=\"heading.default\">\n\t\t\t\t<div class=\"elementor-widget-container\">\n\t\t\t\t\t<h5 class=\"elementor-heading-title elementor-size-default\">English<\/h5>\t\t\t\t<\/div>\n\t\t\t\t<\/div>\n\t\t\t\t<div class=\"elementor-element elementor-element-fabeae0 elementor-widget elementor-widget-heading\" data-id=\"fabeae0\" data-element_type=\"widget\" data-widget_type=\"heading.default\">\n\t\t\t\t<div class=\"elementor-widget-container\">\n\t\t\t\t\t<h5 class=\"elementor-heading-title elementor-size-default\">7\/10<\/h5>\t\t\t\t<\/div>\n\t\t\t\t<\/div>\n\t\t\t\t<div class=\"elementor-element elementor-element-6458afe elementor-widget elementor-widget-heading\" data-id=\"6458afe\" data-element_type=\"widget\" data-widget_type=\"heading.default\">\n\t\t\t\t<div class=\"elementor-widget-container\">\n\t\t\t\t\t<h5 class=\"elementor-heading-title elementor-size-default\">German<\/h5>\t\t\t\t<\/div>\n\t\t\t\t<\/div>\n\t\t\t\t<div class=\"elementor-element elementor-element-04d34c0 elementor-widget elementor-widget-heading\" data-id=\"04d34c0\" data-element_type=\"widget\" data-widget_type=\"heading.default\">\n\t\t\t\t<div class=\"elementor-widget-container\">\n\t\t\t\t\t<h5 class=\"elementor-heading-title elementor-size-default\">7\/10<\/h5>\t\t\t\t<\/div>\n\t\t\t\t<\/div>\n\t\t\t\t\t<\/div>\n\t\t<\/div>\n\t\t\t\t\t<\/div>\n\t\t<\/section>\n\t\t\t\t\t<\/div>\n\t\t<\/div>\n\t\t\t\t<div class=\"elementor-column elementor-col-33 elementor-top-column elementor-element elementor-element-01beca3\" data-id=\"01beca3\" data-element_type=\"column\">\n\t\t\t<div class=\"elementor-widget-wrap elementor-element-populated\">\n\t\t\t\t\t\t<div class=\"elementor-element elementor-element-56651f5 elementor-widget-tablet__width-initial elementor-widget elementor-widget-heading\" data-id=\"56651f5\" data-element_type=\"widget\" data-widget_type=\"heading.default\">\n\t\t\t\t<div class=\"elementor-widget-container\">\n\t\t\t\t\t<h5 class=\"elementor-heading-title elementor-size-default\">Description<\/h5>\t\t\t\t<\/div>\n\t\t\t\t<\/div>\n\t\t\t\t<div class=\"elementor-element elementor-element-0a77aeb elementor-widget elementor-widget-text-editor\" data-id=\"0a77aeb\" data-element_type=\"widget\" data-widget_type=\"text-editor.default\">\n\t\t\t\t<div class=\"elementor-widget-container\">\n\t\t\t\t\t\t\t\t\t<p>If you are looking for a truly memorable, special getaway, Emily is the perfect choice. She is cute, young, her charisma and attentive presence will immediately captivate you and take you into a world where everything is about you. It is no coincidence that those who book with her once, almost immediately return\u2026 and the calendar fills up quickly.<\/p>\t\t\t\t\t\t\t\t<\/div>\n\t\t\t\t<\/div>\n\t\t\t\t\t<\/div>\n\t\t<\/div>\n\t\t\t\t<div class=\"elementor-column elementor-col-33 elementor-top-column elementor-element elementor-element-6fd7466\" data-id=\"6fd7466\" data-element_type=\"column\">\n\t\t\t<div class=\"elementor-widget-wrap elementor-element-populated\">\n\t\t\t\t\t\t<div class=\"elementor-element elementor-element-319a3ea elementor-widget elementor-widget-heading\" data-id=\"319a3ea\" data-element_type=\"widget\" data-widget_type=\"heading.default\">\n\t\t\t\t<div class=\"elementor-widget-container\">\n\t\t\t\t\t<h5 class=\"elementor-heading-title elementor-size-default\">Available programs<\/h5>\t\t\t\t<\/div>\n\t\t\t\t<\/div>\n\t\t\t\t<div class=\"elementor-element elementor-element-d18a5d8 elementor-widget elementor-widget-image\" data-id=\"d18a5d8\" data-element_type=\"widget\" data-widget_type=\"image.default\">\n\t\t\t\t<div class=\"elementor-widget-container\">\n\t\t\t\t\t\t\t\t\t\t\t\t\t\t\t<img decoding=\"async\" src=\"https:\/\/edenmassage.eu\/wp-content\/uploads\/elementor\/thumbs\/erotikus-masszazs-1-masszozzel-q7fw6y58si4y49rlabdja66xyjrdf7las6z5gi7bdo.png\" title=\"Erotic massage with one masseuse\" alt=\"erotic-massage-with-1-masseuse\" loading=\"lazy\" \/>\t\t\t\t\t\t\t\t\t\t\t\t\t\t\t<\/div>\n\t\t\t\t<\/div>\n\t\t\t\t<div class=\"elementor-element elementor-element-d8bccba elementor-widget elementor-widget-image\" data-id=\"d8bccba\" data-element_type=\"widget\" data-widget_type=\"image.default\">\n\t\t\t\t<div class=\"elementor-widget-container\">\n\t\t\t\t\t\t\t\t\t\t\t\t\t\t\t<img decoding=\"async\" src=\"https:\/\/edenmassage.eu\/wp-content\/uploads\/elementor\/thumbs\/erotikus-masszazs-2-masszozzel-q7fw7ln7jd146itgh3j7ii9gt6jjrn6l7faagf8h24.png\" title=\"Erotic massage with two masseuses\" alt=\"erotic-massage-with-2-masseuse\" loading=\"lazy\" \/>\t\t\t\t\t\t\t\t\t\t\t\t\t\t\t<\/div>\n\t\t\t\t<\/div>\n\t\t\t\t\t<\/div>\n\t\t<\/div>\n\t\t\t\t\t<\/div>\n\t\t<\/section>\n\t\t\t\t<section class=\"elementor-section elementor-top-section elementor-element elementor-element-e64d68e elementor-section-full_width elementor-section-height-default elementor-section-height-default\" data-id=\"e64d68e\" data-element_type=\"section\">\n\t\t\t\t\t\t<div class=\"elementor-container elementor-column-gap-default\">\n\t\t\t\t\t<div class=\"elementor-column elementor-col-25 elementor-top-column elementor-element elementor-element-8758680\" data-id=\"8758680\" data-element_type=\"column\">\n\t\t\t<div class=\"elementor-widget-wrap elementor-element-populated\">\n\t\t\t\t\t\t<div class=\"elementor-element elementor-element-50a8252 elementor-widget elementor-widget-image\" data-id=\"50a8252\" data-element_type=\"widget\" data-widget_type=\"image.default\">\n\t\t\t\t<div class=\"elementor-widget-container\">\n\t\t\t\t\t\t\t\t\t\t\t\t\t\t\t<img decoding=\"async\" src=\"https:\/\/edenmassage.eu\/wp-content\/uploads\/elementor\/thumbs\/budapest-erotikus-masszazs-7-1-rlijud2l2s83hx7uc3b8vy8ufj1tdq3xmsc52xzx7s.jpeg\" title=\"budapest-erotic-massage\" alt=\"budapest-erotic-massage\" class=\"elementor-animation-grow\" loading=\"lazy\" \/>\t\t\t\t\t\t\t\t\t\t\t\t\t\t\t<\/div>\n\t\t\t\t<\/div>\n\t\t\t\t\t<\/div>\n\t\t<\/div>\n\t\t\t\t<div class=\"elementor-column elementor-col-25 elementor-top-column elementor-element elementor-element-9b539b0\" data-id=\"9b539b0\" data-element_type=\"column\">\n\t\t\t<div class=\"elementor-widget-wrap elementor-element-populated\">\n\t\t\t\t\t\t<div class=\"elementor-element elementor-element-c64610c elementor-widget elementor-widget-image\" data-id=\"c64610c\" data-element_type=\"widget\" data-widget_type=\"image.default\">\n\t\t\t\t<div class=\"elementor-widget-container\">\n\t\t\t\t\t\t\t\t\t\t\t\t\t\t\t<img decoding=\"async\" src=\"https:\/\/edenmassage.eu\/wp-content\/uploads\/elementor\/thumbs\/budapest-erotikus-masszazs-11-rlijuzmpmt2z8kb2od2ajsjworymiglhpvzsll2h2g.jpeg\" title=\"budapest-erotic-massage\" alt=\"budapest-erotic-massage\" class=\"elementor-animation-grow\" loading=\"lazy\" \/>\t\t\t\t\t\t\t\t\t\t\t\t\t\t\t<\/div>\n\t\t\t\t<\/div>\n\t\t\t\t\t<\/div>\n\t\t<\/div>\n\t\t\t\t<div class=\"elementor-column elementor-col-25 elementor-top-column elementor-element elementor-element-7ddf84b\" data-id=\"7ddf84b\" data-element_type=\"column\">\n\t\t\t<div class=\"elementor-widget-wrap elementor-element-populated\">\n\t\t\t\t\t\t<div class=\"elementor-element elementor-element-556ae7d elementor-widget elementor-widget-image\" data-id=\"556ae7d\" data-element_type=\"widget\" data-widget_type=\"image.default\">\n\t\t\t\t<div class=\"elementor-widget-container\">\n\t\t\t\t\t\t\t\t\t\t\t\t\t\t\t<img decoding=\"async\" src=\"https:\/\/edenmassage.eu\/wp-content\/uploads\/elementor\/thumbs\/budapest-erotikus-masszazs-6-1-rlijtse4wffsei1voudgd3gpd1vqodtu7xzgiuul0o.jpeg\" title=\"budapest-erotic-massage\" alt=\"budapest-erotic-massage\" class=\"elementor-animation-grow\" loading=\"lazy\" \/>\t\t\t\t\t\t\t\t\t\t\t\t\t\t\t<\/div>\n\t\t\t\t<\/div>\n\t\t\t\t\t<\/div>\n\t\t<\/div>\n\t\t\t\t<div class=\"elementor-column elementor-col-25 elementor-top-column elementor-element elementor-element-494830c\" data-id=\"494830c\" data-element_type=\"column\">\n\t\t\t<div class=\"elementor-widget-wrap elementor-element-populated\">\n\t\t\t\t\t\t<div class=\"elementor-element elementor-element-9c4709f elementor-widget elementor-widget-image\" data-id=\"9c4709f\" data-element_type=\"widget\" data-widget_type=\"image.default\">\n\t\t\t\t<div class=\"elementor-widget-container\">\n\t\t\t\t\t\t\t\t\t\t\t\t\t\t\t<img decoding=\"async\" src=\"https:\/\/edenmassage.eu\/wp-content\/uploads\/elementor\/thumbs\/budapest-erotikus-masszazs-8-1-rlijvifhfhsporjrml6txnt4khdyseo4gh1i74alm0.jpeg\" title=\"budapest-erotic-massage\" alt=\"budapest-erotic-massage\" class=\"elementor-animation-grow\" loading=\"lazy\" \/>\t\t\t\t\t\t\t\t\t\t\t\t\t\t\t<\/div>\n\t\t\t\t<\/div>\n\t\t\t\t\t<\/div>\n\t\t<\/div>\n\t\t\t\t\t<\/div>\n\t\t<\/section>\n\t\t\t\t<section class=\"elementor-section elementor-top-section elementor-element elementor-element-490a07b elementor-section-full_width elementor-section-height-default elementor-section-height-default\" data-id=\"490a07b\" data-element_type=\"section\">\n\t\t\t\t\t\t<div class=\"elementor-container elementor-column-gap-default\">\n\t\t\t\t\t<div class=\"elementor-column elementor-col-25 elementor-top-column elementor-element elementor-element-2e21df9\" data-id=\"2e21df9\" data-element_type=\"column\">\n\t\t\t<div class=\"elementor-widget-wrap elementor-element-populated\">\n\t\t\t\t\t\t<div class=\"elementor-element elementor-element-6bf7eba elementor-widget elementor-widget-image\" data-id=\"6bf7eba\" data-element_type=\"widget\" data-widget_type=\"image.default\">\n\t\t\t\t<div class=\"elementor-widget-container\">\n\t\t\t\t\t\t\t\t\t\t\t\t\t\t\t<img decoding=\"async\" src=\"https:\/\/edenmassage.eu\/wp-content\/uploads\/elementor\/thumbs\/budapest-erotikus-masszazs-1-2-rlijwj36u16w9k2ioj1a4wk3qida4lpnlihfwws8vc.jpeg\" title=\"budapest-erotic-massage\" alt=\"budapest-erotic-massage\" class=\"elementor-animation-grow\" loading=\"lazy\" \/>\t\t\t\t\t\t\t\t\t\t\t\t\t\t\t<\/div>\n\t\t\t\t<\/div>\n\t\t\t\t\t<\/div>\n\t\t<\/div>\n\t\t\t\t<div class=\"elementor-column elementor-col-25 elementor-top-column elementor-element elementor-element-513e764\" data-id=\"513e764\" data-element_type=\"column\">\n\t\t\t<div class=\"elementor-widget-wrap elementor-element-populated\">\n\t\t\t\t\t\t<div class=\"elementor-element elementor-element-f40dde1 elementor-widget elementor-widget-image\" data-id=\"f40dde1\" data-element_type=\"widget\" data-widget_type=\"image.default\">\n\t\t\t\t<div class=\"elementor-widget-container\">\n\t\t\t\t\t\t\t\t\t\t\t\t\t\t\t<img decoding=\"async\" src=\"https:\/\/edenmassage.eu\/wp-content\/uploads\/elementor\/thumbs\/budapest-erotikus-masszazs-2-2-rlijyerki3rjhhc7pcaf4fhai93pit6butgegtzwfc.jpeg\" title=\"budapest-erotic-massage\" alt=\"budapest-erotic-massage\" class=\"elementor-animation-grow\" loading=\"lazy\" \/>\t\t\t\t\t\t\t\t\t\t\t\t\t\t\t<\/div>\n\t\t\t\t<\/div>\n\t\t\t\t\t<\/div>\n\t\t<\/div>\n\t\t\t\t<div class=\"elementor-column elementor-col-25 elementor-top-column elementor-element elementor-element-052c772\" data-id=\"052c772\" data-element_type=\"column\">\n\t\t\t<div class=\"elementor-widget-wrap elementor-element-populated\">\n\t\t\t\t\t\t<div class=\"elementor-element elementor-element-785162c elementor-widget elementor-widget-image\" data-id=\"785162c\" data-element_type=\"widget\" data-widget_type=\"image.default\">\n\t\t\t\t<div class=\"elementor-widget-container\">\n\t\t\t\t\t\t\t\t\t\t\t\t\t\t\t<img decoding=\"async\" src=\"https:\/\/edenmassage.eu\/wp-content\/uploads\/elementor\/thumbs\/budapest-erotikus-masszazs-5-1-rlijx3rn0dz7cz8hbrz2nrc8szjctxzr0cu4gzxl2g.jpeg\" title=\"budapest-erotic-massage\" alt=\"budapest-erotic-massage\" class=\"elementor-animation-grow\" loading=\"lazy\" \/>\t\t\t\t\t\t\t\t\t\t\t\t\t\t\t<\/div>\n\t\t\t\t<\/div>\n\t\t\t\t\t<\/div>\n\t\t<\/div>\n\t\t\t\t<div class=\"elementor-column elementor-col-25 elementor-top-column elementor-element elementor-element-46d2ed0\" data-id=\"46d2ed0\" data-element_type=\"column\">\n\t\t\t<div class=\"elementor-widget-wrap elementor-element-populated\">\n\t\t\t\t\t\t<div class=\"elementor-element elementor-element-bcc8797 elementor-widget elementor-widget-image\" data-id=\"bcc8797\" data-element_type=\"widget\" data-widget_type=\"image.default\">\n\t\t\t\t<div class=\"elementor-widget-container\">\n\t\t\t\t\t\t\t\t\t\t\t\t\t\t\t<img decoding=\"async\" src=\"https:\/\/edenmassage.eu\/wp-content\/uploads\/elementor\/thumbs\/budapest-erotikus-masszazs-3-2-rlijxr9lr8vdf8acik4qw3ernmbj6dl1fl59gwyqqw.jpeg\" title=\"budapest-erotikus-masszazsbudapest-erotikus-masszazs\" alt=\"budapest-erotic-massage\" class=\"elementor-animation-grow\" loading=\"lazy\" \/>\t\t\t\t\t\t\t\t\t\t\t\t\t\t\t<\/div>\n\t\t\t\t<\/div>\n\t\t\t\t\t<\/div>\n\t\t<\/div>\n\t\t\t\t\t<\/div>\n\t\t<\/section>\n\t\t\t\t<section class=\"elementor-section elementor-top-section elementor-element elementor-element-54afcee elementor-section-boxed elementor-section-height-default elementor-section-height-default\" data-id=\"54afcee\" data-element_type=\"section\">\n\t\t\t\t\t\t<div class=\"elementor-container elementor-column-gap-default\">\n\t\t\t\t\t<div class=\"elementor-column elementor-col-100 elementor-top-column elementor-element elementor-element-42cd20b\" data-id=\"42cd20b\" data-element_type=\"column\">\n\t\t\t<div class=\"elementor-widget-wrap elementor-element-populated\">\n\t\t\t\t\t\t<div class=\"elementor-element elementor-element-9cc23b1 elementor-widget__width-initial elementor-widget elementor-widget-text-editor\" data-id=\"9cc23b1\" data-element_type=\"widget\" data-widget_type=\"text-editor.default\">\n\t\t\t\t<div class=\"elementor-widget-container\">\n\t\t\t\t\t\t\t\t\t<p style=\"text-align: center;\"><span style=\"font-size: 10pt;\"><span style=\"font-size: 14pt;\"><strong><span style=\"font-family: 'Golos Text';\">Emily's massage program includes:<\/span><\/strong><\/span><br \/><\/span><span style=\"font-family: 'Golos Text';\"><span style=\"font-size: 12pt;\">\u200brefreshing Swedish massage<br \/>tantric love massage<br \/>erotic massage \/ lingam massage (90\/120 min 2x)<br \/><\/span><\/span><span style=\"font-family: 'Golos Text';\"><span style=\"font-size: 12pt;\"><span style=\"font-size: 10pt;\"><span style=\"font-size: 12pt; font-family: 'Golos Text';\">body to body massage (not available in the 30-minute program)<\/span><\/span><br \/>shower before and after the massage<br \/>drinking<br \/><\/span><strong><span style=\"font-size: 12pt;\"><span style=\"font-size: 14pt;\">Also available from \u200bEmily<br \/><span style=\"font-size: 12pt;\">(no extra cost):<\/span><\/span><br \/><\/span><\/strong><\/span><span style=\"font-size: 10pt;\"><span style=\"font-size: 12pt; font-family: 'Golos Text';\">foot erotics<br \/>stockings<br \/>tying up<br \/>kicking balls<br \/>spanking<br \/>tickling<br \/><\/span><span style=\"font-size: 12pt; font-family: 'Golos Text';\"><span style=\"font-family: 'Golos Text';\"><span style=\"font-size: 12pt;\">treading<br \/>(testicle) treading<br \/>naked body to body (slippery) massage (not available in the 30\/45 minute program)<\/span><\/span><\/span><\/span><\/p>\t\t\t\t\t\t\t\t<\/div>\n\t\t\t\t<\/div>\n\t\t\t\t\t<\/div>\n\t\t<\/div>\n\t\t\t\t\t<\/div>\n\t\t<\/section>\n\t\t\t\t<section class=\"elementor-section elementor-top-section elementor-element elementor-element-ba0c9d1 elementor-section-boxed elementor-section-height-default elementor-section-height-default\" data-id=\"ba0c9d1\" data-element_type=\"section\">\n\t\t\t\t\t\t<div class=\"elementor-container elementor-column-gap-default\">\n\t\t\t\t\t<div class=\"elementor-column elementor-col-100 elementor-top-column elementor-element elementor-element-24df613\" data-id=\"24df613\" data-element_type=\"column\">\n\t\t\t<div class=\"elementor-widget-wrap elementor-element-populated\">\n\t\t\t\t\t\t<div class=\"elementor-element elementor-element-975e27d elementor-align-center elementor-widget elementor-widget-button\" data-id=\"975e27d\" data-element_type=\"widget\" data-widget_type=\"button.default\">\n\t\t\t\t<div class=\"elementor-widget-container\">\n\t\t\t\t\t\t\t\t\t<div class=\"elementor-button-wrapper\">\n\t\t\t\t\t<a class=\"elementor-button elementor-button-link elementor-size-sm\" href=\"https:\/\/edenmassage.eu\/en\/online-booking\/\">\n\t\t\t\t\t\t<span class=\"elementor-button-content-wrapper\">\n\t\t\t\t\t\t\t\t\t<span class=\"elementor-button-text\">Online booking<\/span>\n\t\t\t\t\t<\/span>\n\t\t\t\t\t<\/a>\n\t\t\t\t<\/div>\n\t\t\t\t\t\t\t\t<\/div>\n\t\t\t\t<\/div>\n\t\t\t\t\t<\/div>\n\t\t<\/div>\n\t\t\t\t\t<\/div>\n\t\t<\/section>\n\t\t\t\t<section class=\"elementor-section elementor-top-section elementor-element elementor-element-d457d46 elementor-section-boxed elementor-section-height-default elementor-section-height-default\" data-id=\"d457d46\" data-element_type=\"section\">\n\t\t\t\t\t\t<div class=\"elementor-container elementor-column-gap-default\">\n\t\t\t\t\t<div class=\"elementor-column elementor-col-100 elementor-top-column elementor-element elementor-element-8f3c50c\" data-id=\"8f3c50c\" data-element_type=\"column\">\n\t\t\t<div class=\"elementor-widget-wrap elementor-element-populated\">\n\t\t\t\t\t\t<div class=\"elementor-element elementor-element-8c3b2e6 elementor-widget elementor-widget-text-editor\" data-id=\"8c3b2e6\" data-element_type=\"widget\" data-widget_type=\"text-editor.default\">\n\t\t\t\t<div class=\"elementor-widget-container\">\n\t\t\t\t\t\t\t\t\t<p><a href=\"tel:+36300912426\">+36-30-091-2426<\/a><\/p>\t\t\t\t\t\t\t\t<\/div>\n\t\t\t\t<\/div>\n\t\t\t\t\t<\/div>\n\t\t<\/div>\n\t\t\t\t\t<\/div>\n\t\t<\/section>\n\t\t\t\t<\/div>","protected":false},"excerpt":{"rendered":"<p>EMILY +36-30-091-2426 Online foglalok Adatok \u00c9letkor 19 S\u00faly 45 Magass\u00e1g 165 Angol 7\/10 N\u00e9met 7\/10 Bemutatkoz\u00e1s Ha valami igaz\u00e1n eml\u00e9kezetes, k\u00fcl\u00f6nleges kikapcsol\u00f3d\u00e1sra v\u00e1gysz, Emily a t\u00f6k\u00e9letes v\u00e1laszt\u00e1s. Cuki, fiatal, kisug\u00e1rz\u00e1sa \u00e9s figyelmes jelenl\u00e9te azonnal mag\u00e1val ragad, \u00e9s egy olyan vil\u00e1gba visz, ahol minden csak r\u00f3lad sz\u00f3l. Nem v\u00e9letlen, hogy aki egyszer hozz\u00e1 foglal, szinte azonnal &#8230; <a title=\"Emily\" class=\"read-more\" href=\"https:\/\/edenmassage.eu\/en\/erotic-massage-budapest-erotic-masseuses\/emily-budapest-erotic-massage\/\" aria-label=\"Read more about Emily\">Read more<\/a><\/p>","protected":false},"author":1,"featured_media":0,"parent":3072,"menu_order":0,"comment_status":"closed","ping_status":"closed","template":"elementor_header_footer","meta":{"footnotes":""},"class_list":["post-10578","page","type-page","status-publish"],"_links":{"self":[{"href":"https:\/\/edenmassage.eu\/en\/wp-json\/wp\/v2\/pages\/10578","targetHints":{"allow":["GET"]}}],"collection":[{"href":"https:\/\/edenmassage.eu\/en\/wp-json\/wp\/v2\/pages"}],"about":[{"href":"https:\/\/edenmassage.eu\/en\/wp-json\/wp\/v2\/types\/page"}],"author":[{"embeddable":true,"href":"https:\/\/edenmassage.eu\/en\/wp-json\/wp\/v2\/users\/1"}],"replies":[{"embeddable":true,"href":"https:\/\/edenmassage.eu\/en\/wp-json\/wp\/v2\/comments?post=10578"}],"version-history":[{"count":7,"href":"https:\/\/edenmassage.eu\/en\/wp-json\/wp\/v2\/pages\/10578\/revisions"}],"predecessor-version":[{"id":10612,"href":"https:\/\/edenmassage.eu\/en\/wp-json\/wp\/v2\/pages\/10578\/revisions\/10612"}],"up":[{"embeddable":true,"href":"https:\/\/edenmassage.eu\/en\/wp-json\/wp\/v2\/pages\/3072"}],"wp:attachment":[{"href":"https:\/\/edenmassage.eu\/en\/wp-json\/wp\/v2\/media?parent=10578"}],"curies":[{"name":"wp","href":"https:\/\/api.w.org\/{rel}","templated":true}]}}