{"id":3,"date":"2023-03-15T13:30:45","date_gmt":"2023-03-15T12:30:45","guid":{"rendered":"https:\/\/edenmassage.eu\/?page_id=3"},"modified":"2024-12-01T21:17:53","modified_gmt":"2024-12-01T20:17:53","slug":"adatkezelesi-tajekoztato","status":"publish","type":"page","link":"https:\/\/edenmassage.eu\/en\/adatkezelesi-tajekoztato\/","title":{"rendered":"Privacy Policy"},"content":{"rendered":"<div data-elementor-type=\"wp-page\" data-elementor-id=\"3\" class=\"elementor elementor-3\" data-elementor-post-type=\"page\">\n\t\t\t\t\t\t<section class=\"elementor-section elementor-top-section elementor-element elementor-element-3d203962 elementor-section-boxed elementor-section-height-default elementor-section-height-default\" data-id=\"3d203962\" data-element_type=\"section\">\n\t\t\t\t\t\t<div class=\"elementor-container elementor-column-gap-default\">\n\t\t\t\t\t<div class=\"elementor-column elementor-col-100 elementor-top-column elementor-element elementor-element-7f16dfad\" data-id=\"7f16dfad\" data-element_type=\"column\">\n\t\t\t<div class=\"elementor-widget-wrap elementor-element-populated\">\n\t\t\t\t\t\t<div class=\"elementor-element elementor-element-27768f8 elementor-widget elementor-widget-text-editor\" data-id=\"27768f8\" data-element_type=\"widget\" data-widget_type=\"text-editor.default\">\n\t\t\t\t<div class=\"elementor-widget-container\">\n\t\t\t\t\t\t\t\t\t\n<h2 class=\"wp-block-heading\"><strong><span style=\"font-size: 25px;\">weboldalon t\u00f6rt\u00e9n\u0151 adatkezel\u00e9shez<\/span><\/strong><\/h2>\n\n<p><span style=\"font-size: 15px; font-family: 'Golos Text';\">I. Adatkezel\u0151 megnevez\u00e9se<\/span><br \/><span style=\"font-size: 15px; font-family: 'Golos Text';\">C\u00e9gn\u00e9v: MiVaRe Kft.<\/span><br \/><span style=\"font-size: 15px; font-family: 'Golos Text';\">Ad\u00f3sz\u00e1m: 32255917-2-10<\/span><br \/><span style=\"font-size: 15px; font-family: 'Golos Text';\">e-mail: <a href=\"mailto:info@edenmassage.eu\">info@edenmassage.eu<\/a><\/span><br \/><span style=\"font-size: 15px; font-family: 'Golos Text';\">II. Az adatkezel\u00e9s alapj\u00e1ul szolg\u00e1l\u00f3 jogszab\u00e1lyok<\/span><br \/><span style=\"font-size: 15px; font-family: 'Golos Text';\">A weboldalon t\u00f6rt\u00e9n\u0151 adatkezel\u00e9sekre az al\u00e1bbi jogszab\u00e1lyok vonatkoznak:<\/span><br \/><span style=\"font-size: 15px; font-family: 'Golos Text';\">\u2022 Az Eur\u00f3pai Parlament \u00e9s a Tan\u00e1cs (EU) 2016\/679 rendelete (2016. \u00e1prilis 27.) a term\u00e9szetes szem\u00e9lyeknek a szem\u00e9lyes adatok kezel\u00e9se tekintet\u00e9ben t\u00f6rt\u00e9n\u0151 v\u00e9delm\u00e9r\u0151l \u00e9s az ilyen adatok szabad \u00e1raml\u00e1s\u00e1r\u00f3l, valamint a 95\/46\/EK rendelet hat\u00e1lyon k\u00edv\u00fcl helyez\u00e9s\u00e9r\u0151l, hat\u00e1lyos sz\u00f6vege: <a href=\"https:\/\/eurlex.europa.eu\/legalcontent\/HU\/TXT\/PDF\/?uri=CELEX:32016R0679&amp;from=HU\" rel=\"nofollow noopener\" target=\"_blank\">https:\/\/eurlex.europa.eu\/legalcontent\/HU\/TXT\/PDF\/?uri=CELEX:32016R0679&amp;from=HU<\/a><\/span><br \/><span style=\"font-size: 15px; font-family: 'Golos Text';\">\u2022 Az inform\u00e1ci\u00f3s \u00f6nrendelkez\u00e9si jogr\u00f3l \u00e9s az inform\u00e1ci\u00f3szabads\u00e1gr\u00f3l sz\u00f3l\u00f3 2011. \u00e9vi CXII. t\u00f6rv\u00e9ny (a tov\u00e1bbiakban: Info tv.), hat\u00e1lyos sz\u00f6vege: <a href=\"https:\/\/net.jogtar.hu\/jogszabaly?docid=A1100112.TV\" rel=\"nofollow noopener\" target=\"_blank\">https:\/\/net.jogtar.hu\/jogszabaly?docid=A1100112.TV<\/a><\/span><br \/><span style=\"font-size: 15px; font-family: 'Golos Text';\">\u2022 A gazdas\u00e1gi rekl\u00e1mtev\u00e9kenys\u00e9g alapvet\u0151 felt\u00e9teleir\u0151l \u00e9s egyes korl\u00e1tair\u00f3l sz\u00f3l\u00f3 2008. \u00e9vi XLVIII. t\u00f6rv\u00e9ny, hat\u00e1lyos sz\u00f6vege: <a href=\"https:\/\/net.jogtar.hu\/jogszabaly?docid=A0800048.TV\" rel=\"nofollow noopener\" target=\"_blank\">https:\/\/net.jogtar.hu\/jogszabaly?docid=A0800048.TV<\/a><\/span><br \/><span style=\"font-size: 15px; font-family: 'Golos Text';\">\u2022 A fogyaszt\u00f3v\u00e9delemr\u0151l sz\u00f3l\u00f3 1997. \u00e9vi CLV. t\u00f6rv\u00e9ny, hat\u00e1lyos sz\u00f6vege: <a href=\"https:\/\/net.jogtar.hu\/jogszabaly?docid=99700155.TV\" rel=\"nofollow noopener\" target=\"_blank\">https:\/\/net.jogtar.hu\/jogszabaly?docid=99700155.TV<\/a><\/span><br \/><span style=\"font-size: 15px; font-family: 'Golos Text';\">III. A kezelt adatokra vonatkoz\u00f3 inform\u00e1ci\u00f3k<\/span><br \/><span style=\"font-size: 15px; font-family: 'Golos Text';\">A kezelt adatok k\u00f6re \u00e9s az adatkezel\u00e9s c\u00e9lja A kezelt adatok k\u00f6r\u00e9t \u00e9s c\u00e9lj\u00e1t, id\u0151tartam\u00e1t, jogalapj\u00e1t \u00e9s a kezel\u00e9s m\u00f3dj\u00e1t jelen t\u00e1j\u00e9koztat\u00f3 f\u00fcggel\u00e9ke tartalmazza.<\/span><br \/><span style=\"font-size: 15px; font-family: 'Golos Text';\">IV. Az adatokhoz val\u00f3 hozz\u00e1f\u00e9r\u00e9s \u00e9s az adatbiztons\u00e1gi int\u00e9zked\u00e9sek<\/span><br \/><span style=\"font-size: 15px; font-family: 'Golos Text';\">IV.1. Az adatokhoz val\u00f3 hozz\u00e1f\u00e9r\u00e9s \u00e9s az adattov\u00e1bb\u00edt\u00e1s<\/span><br \/><span style=\"font-size: 15px; font-family: 'Golos Text';\">Az \u00d6n \u00e1ltal megadott szem\u00e9lyes adatokhoz az Adatkezel\u0151 munkat\u00e1rsai f\u00e9rhetnek hozz\u00e1 a feladataik ell\u00e1t\u00e1sa \u00e9rdek\u00e9ben. Adatkezel\u0151 a kezelt szem\u00e9lyes adatokat jelen szab\u00e1lyzat mell\u00e9klet\u00e9ben r\u00f6gz\u00edtett alv\u00e1llalkoz\u00f3inak tov\u00e1bb\u00edtja. Az Adatkezel\u0151 csak kiv\u00e9teles esetben adja \u00e1t a szem\u00e9lyes adatait m\u00e1s \u2013 a mell\u00e9kletben fel nem sorolt &#8211; Adatkezel\u0151knek, \u00e1llami szerveknek. \u00cdgy p\u00e9ld\u00e1ul, amennyiben:<\/span><br \/><span style=\"font-size: 15px; font-family: 'Golos Text';\">\u2022 az \u00d6nt \u00e9rint\u0151 \u00fcgyben b\u00edr\u00f3s\u00e1gi elj\u00e1r\u00e1s indul, \u00e9s az elj\u00e1r\u00f3 b\u00edr\u00f3s\u00e1g sz\u00e1m\u00e1ra sz\u00fcks\u00e9ges az \u00d6n szem\u00e9lyes adatait tartalmaz\u00f3 iratok \u00e1tad\u00e1sa<\/span><br \/><span style=\"font-size: 15px; font-family: 'Golos Text';\">\u2022 a rend\u0151rs\u00e9g megkeresi az Adatkezel\u0151t, \u00e9s a nyomoz\u00e1shoz az \u00d6n szem\u00e9lyes adatait tartalmaz\u00f3 iratok tov\u00e1bb\u00edt\u00e1s\u00e1t k\u00e9ri.<\/span><br \/><span style=\"font-size: 15px; font-family: 'Golos Text';\">IV.2. Adatbiztons\u00e1gi int\u00e9zked\u00e9sek Az Adatkezel\u0151 az \u00d6n \u00e1ltal megadott szem\u00e9lyes adatokat az Adatkezel\u0151 szerverein, illetve adott esetben pap\u00edr alap\u00fa iratt\u00e1r\u00e1ban t\u00e1rolja. A szem\u00e9lyes adatok t\u00e1rol\u00e1s\u00e1hoz az Adatkezel\u0151 m\u00e1s c\u00e9g szolg\u00e1ltat\u00e1s\u00e1t nem veszi ig\u00e9nybe. Adatkezel\u0151 megfelel\u0151 int\u00e9zked\u00e9sekkel gondoskodik arr\u00f3l, hogy a szem\u00e9lyes adatokat v\u00e9dje t\u00f6bbek k\u00f6z\u00f6tt a jogosulatlan hozz\u00e1f\u00e9r\u00e9s ellen vagy azok jogosulatlan megv\u00e1ltoztat\u00e1sa ellen. \u00cdgy p\u00e9ld\u00e1ul a szerveren t\u00e1rolt szem\u00e9lyes adatokhoz val\u00f3 hozz\u00e1f\u00e9r\u00e9st Adatkezel\u0151 napl\u00f3zza, vagyis mindig ellen\u0151rizhet\u0151, ki, mikor, milyen szem\u00e9lyes adatokhoz f\u00e9rt hozz\u00e1.<\/span><br \/><span style=\"font-size: 15px; font-family: 'Golos Text';\">V. Az \u00e9rintett adatkezel\u00e9ssel kapcsolatos jogai<\/span><br \/><span style=\"font-size: 15px; font-family: 'Golos Text';\">1. Az \u00d6n hozz\u00e1f\u00e9r\u00e9si jogai \u00d6n, mint jogosult hozz\u00e1f\u00e9rhet a szem\u00e9lyes adataihoz. Ha azt k\u00e9ri, hogy az Adatkezel\u0151 visszajelz\u00e9st adjon arra vonatkoz\u00f3an, hogy kezeli-e a szem\u00e9lyes adatait, az Adatkezel\u0151 k\u00f6teles t\u00e1j\u00e9koztat\u00e1st adni, az al\u00e1bbiakra vonatkoz\u00f3an:<\/span><br \/><span style=\"font-size: 15px; font-family: 'Golos Text';\">(a) milyen szem\u00e9lyes adatait<\/span><br \/><span style=\"font-size: 15px; font-family: 'Golos Text';\">(b) milyen jogalapon<\/span><br \/><span style=\"font-size: 15px; font-family: 'Golos Text';\">(c) milyen adatkezel\u00e9si c\u00e9l miatt<\/span><br \/><span style=\"font-size: 15px; font-family: 'Golos Text';\">(d) milyen forr\u00e1sb\u00f3l<\/span><br \/><span style=\"font-size: 15px; font-family: 'Golos Text';\">(e) mennyi ideig kezeli.<\/span><br \/><span style=\"font-size: 15px; font-family: 'Golos Text';\">Az \u00d6n azon joga, hogy visszajelz\u00e9st kapjon arr\u00f3l, hogy az Adatkezel\u0151 kezeli-e (vagy sem) a szem\u00e9lyes adatait:<\/span><br \/><span style=\"font-size: 15px; font-family: 'Golos Text';\">(a) az \u00d6nre vonatkoz\u00f3 szem\u00e9lyes adatokra terjed ki<\/span><br \/><span style=\"font-size: 15px; font-family: 'Golos Text';\">(b) nem terjed ki az anonim adatokra<\/span><br \/><span style=\"font-size: 15px; font-family: 'Golos Text';\">(c) nem terjed ki a nem \u00d6nre vonatkoz\u00f3 szem\u00e9lyes adatokra<\/span><br \/><span style=\"font-size: 15px; font-family: 'Golos Text';\">(d) mag\u00e1ban foglalja az egy\u00e9rtelm\u0171en az \u00d6nh\u00f6z kapcsolhat\u00f3 \u00e1lneves\u00edtett adatokat.<\/span><br \/><span style=\"font-size: 15px; font-family: 'Golos Text';\">Az Adatkezel\u0151 az \u00d6n k\u00e9r\u00e9s\u00e9re hozz\u00e1f\u00e9r\u00e9st \u00e9s m\u00e1solatot biztos\u00edt a szem\u00e9lyes adataihoz. Ha \u00d6n tov\u00e1bbi\/ism\u00e9telt m\u00e1solatot k\u00e9r a szem\u00e9lyes adatair\u00f3l, az Adatkezel\u0151 \u00e9sszer\u0171 d\u00edjat sz\u00e1m\u00edthat fel a k\u00e9r\u00e9s teljes\u00edt\u00e9s\u00e9vel \u00f6sszef\u00fcgg\u00e9sben felmer\u00fcl\u0151 adminisztrat\u00edv k\u00f6lts\u00e9gek megfizet\u00e9s\u00e9re, mely d\u00edjat \u00d6n fog viselni.<\/span><br \/><span style=\"font-size: 15px; font-family: 'Golos Text';\">2. Az \u00d6n helyesb\u00edt\u00e9shez val\u00f3 joga \u00d6n jogosult a szem\u00e9lyes adatai helyesb\u00edt\u00e9s\u00e9re. E joga:<\/span><br \/><span style=\"font-size: 15px; font-family: 'Golos Text';\">(a) nem terjed ki az anonim adatokra<\/span><br \/><span style=\"font-size: 15px; font-family: 'Golos Text';\">(b) az \u00d6nre vonatkoz\u00f3 szem\u00e9lyes adatokra terjed ki<\/span><br \/><span style=\"font-size: 15px; font-family: 'Golos Text';\">(c) nem terjed ki a nem \u00d6nre vonatkoz\u00f3 szem\u00e9lyes adatokra<\/span><br \/><span style=\"font-size: 15px; font-family: 'Golos Text';\">(d) mag\u00e1ban foglalja az egy\u00e9rtelm\u0171en \u00d6nh\u00f6z kapcsolhat\u00f3 \u00e1lneves\u00edtett adatokat.<\/span><br \/><span style=\"font-size: 15px; font-family: 'Golos Text';\">Az Adatkezel\u0151 az \u00d6n k\u00e9r\u00e9se alapj\u00e1n megfelel\u0151en jav\u00edtja vagy kieg\u00e9sz\u00edti szem\u00e9lyes adatait. Az Adatkezel\u0151 az \u00d6n szem\u00e9lyes adatainak helyesb\u00edt\u00e9s\u00e9r\u0151l t\u00e1j\u00e9koztatja a szem\u00e9lyes adatok c\u00edmzettjeit (ha vannak ilyenek). Az Adatkezel\u0151 azonban nem t\u00e1j\u00e9koztatja a c\u00edmzetteket a szem\u00e9lyes adatok helyesb\u00edt\u00e9s\u00e9r\u0151l, ha a c\u00edmzettek t\u00e1j\u00e9koztat\u00e1sa lehetetlennek bizonyul vagy ar\u00e1nytalanul nagy er\u0151fesz\u00edt\u00e9st ig\u00e9nyelne.<\/span><br \/><span style=\"font-size: 15px; font-family: 'Golos Text';\">3. T\u00f6rl\u00e9shez val\u00f3 jog<\/span><br \/><span style=\"font-size: 15px; font-family: 'Golos Text';\">Bizonyos felt\u00e9telek eset\u00e9n \u00d6n jogosult a szem\u00e9lyes adatai t\u00f6rl\u00e9s\u00e9re.<\/span><br \/><span style=\"font-size: 15px; font-family: 'Golos Text';\">Az Adatkezel\u0151 indokolatlan k\u00e9sedelem n\u00e9lk\u00fcl k\u00f6teles t\u00f6r\u00f6lni az \u00d6n szem\u00e9lyes adatait, amennyiben:<\/span><br \/><span style=\"font-size: 15px; font-family: 'Golos Text';\">(a) az Adatkezel\u0151 kezeli e szem\u00e9lyes adatokat, \u00e9s<\/span><br \/><span style=\"font-size: 15px; font-family: 'Golos Text';\">(b) \u00d6n a szem\u00e9lyes adatai t\u00f6rl\u00e9s\u00e9t k\u00e9ri, \u00e9s<\/span><br \/><span style=\"font-size: 15px; font-family: 'Golos Text';\">(c) a szem\u00e9lyes adatok nem sz\u00fcks\u00e9gesek azon c\u00e9lokra, amelyekre az Adatkezel\u0151 a szem\u00e9lyes adatokat kezeli.<\/span><br \/><span style=\"font-size: 15px; font-family: 'Golos Text';\">Az Adatkezel\u0151 indokolatlan k\u00e9sedelem n\u00e9lk\u00fcl k\u00f6teles t\u00f6r\u00f6lni az \u00d6n szem\u00e9lyes adatait, ha<\/span><br \/><span style=\"font-size: 15px; font-family: 'Golos Text';\">(a) az Adatkezel\u0151 kezeli az \u00d6n szem\u00e9lyes adatait<\/span><br \/><span style=\"font-size: 15px; font-family: 'Golos Text';\">(b) \u00d6n a szem\u00e9lyes adatai t\u00f6rl\u00e9s\u00e9t k\u00e9ri<\/span><br \/><span style=\"font-size: 15px; font-family: 'Golos Text';\">(c) \u00d6n visszavonja a hozz\u00e1j\u00e1rul\u00e1s\u00e1t, amin az adatainak kezel\u00e9se alapul,<\/span><br \/><span style=\"font-size: 15px; font-family: 'Golos Text';\">(d) nincs m\u00e1s jogalap az \u00d6n adatainak tov\u00e1bbi kezel\u00e9s\u00e9re.<\/span><br \/><span style=\"font-size: 15px; font-family: 'Golos Text';\">Az Adatkezel\u0151 indokolatlan k\u00e9sedelem n\u00e9lk\u00fcl k\u00f6teles t\u00f6r\u00f6lni az \u00d6n szem\u00e9lyes adatait, ha<\/span><br \/><span style=\"font-size: 15px; font-family: 'Golos Text';\">(a) az adatkezel\u00e9s az Adatkezel\u0151 vagy egy harmadik f\u00e9l jogos \u00e9rdekeinek \u00e9rv\u00e9nyes\u00edt\u00e9s\u00e9hez sz\u00fcks\u00e9ges,<\/span><br \/><span style=\"font-size: 15px; font-family: 'Golos Text';\">(b) \u00d6n tiltakozik az ellen, hogy az Adatkezel\u0151 kezeli a szem\u00e9lyes adatait,<\/span><br \/><span style=\"font-size: 15px; font-family: 'Golos Text';\">(c) az ilyen szem\u00e9lyes adatok kezel\u00e9s\u00e9t megalapoz\u00f3 jogszer\u0171 ok nem \u00e9lvez els\u0151bbs\u00e9get az \u00d6n tiltakoz\u00e1s\u00e1val szemben.<\/span><br \/><span style=\"font-size: 15px; font-family: 'Golos Text';\">Az Adatkezel\u0151 indokolatlan k\u00e9sedelem n\u00e9lk\u00fcl k\u00f6teles t\u00f6r\u00f6lni az \u00d6n szem\u00e9lyes adatait, ha<\/span><br \/><span style=\"font-size: 15px; font-family: 'Golos Text';\">(a) \u00d6n a szem\u00e9lyes adatai t\u00f6rl\u00e9s\u00e9t k\u00e9ri,<\/span><br \/><span style=\"font-size: 15px; font-family: 'Golos Text';\">(b) az ilyen adatok Adatkezel\u0151 \u00e1ltali kezel\u00e9se nem jogellenes, vagy<\/span><br \/><span style=\"font-size: 15px; font-family: 'Golos Text';\">(c) a t\u00f6rl\u00e9s k\u00f6telez\u0151 a hat\u00e1lyos t\u00f6rv\u00e9nyek \u00e9rtelm\u00e9ben, vagy<\/span><br \/><span style=\"font-size: 15px; font-family: 'Golos Text';\">(d) az \u00d6n adatait az inform\u00e1ci\u00f3s t\u00e1rsadalommal \u00f6sszef\u00fcgg\u0151 szolg\u00e1ltat\u00e1sok vonatkoz\u00e1s\u00e1ban gy\u0171jtik.<\/span><br \/><span style=\"font-size: 15px; font-family: 'Golos Text';\">Az Adatkezel\u0151 az \u00d6n szem\u00e9lyes adatainak t\u00f6rl\u00e9s\u00e9r\u0151l t\u00e1j\u00e9koztatja a szem\u00e9lyes adatok c\u00edmzettjeit (ha vannak ilyenek). Az Adatkezel\u0151 azonban nem t\u00e1j\u00e9koztatja a c\u00edmzetteket a szem\u00e9lyes adatok t\u00f6rl\u00e9s\u00e9r\u0151l, ha a c\u00edmzettek t\u00e1j\u00e9koztat\u00e1sa lehetetlen vagy ar\u00e1nytalanul nagy er\u0151fesz\u00edt\u00e9st ig\u00e9nyelne.<\/span><br \/><span style=\"font-size: 15px; font-family: 'Golos Text';\">4. Az \u00d6n joga az adatkezel\u00e9s korl\u00e1toz\u00e1s\u00e1hoz<\/span><br \/><span style=\"font-size: 15px; font-family: 'Golos Text';\">\u00d6n k\u00e9rheti a szem\u00e9lyes adatai kezel\u00e9s\u00e9nek korl\u00e1toz\u00e1s\u00e1t. Az \u00d6n joga a szem\u00e9lyes adatai kezel\u00e9se korl\u00e1toz\u00e1s\u00e1nak k\u00e9r\u00e9se vonatkoz\u00e1s\u00e1ban<\/span><br \/><span style=\"font-size: 15px; font-family: 'Golos Text';\">(a) nem terjed ki az anonim adatokra<\/span><br \/><span style=\"font-size: 15px; font-family: 'Golos Text';\">(b) a r\u00e1 vonatkoz\u00f3 szem\u00e9lyes adatokra terjed ki<\/span><br \/><span style=\"font-size: 15px; font-family: 'Golos Text';\">(c) nem terjed ki a nem \u00d6nre vonatkoz\u00f3 szem\u00e9lyes adatokra<\/span><br \/><span style=\"font-size: 15px; font-family: 'Golos Text';\">(d) mag\u00e1ban foglalja az egy\u00e9rtelm\u0171en az \u00d6nh\u00f6z kapcsolhat\u00f3 \u00e1lneves\u00edtett adatokat.<\/span><br \/><span style=\"font-size: 15px; font-family: 'Golos Text';\">Az Adatkezel\u0151 korl\u00e1tozza az \u00d6n szem\u00e9lyes adatainak kezel\u00e9s\u00e9t arra az id\u0151szakra, amely alatt ellen\u0151rzi az ilyen adatok pontoss\u00e1g\u00e1t, ha \u00d6n a szem\u00e9lyes adatai kezel\u00e9s\u00e9nek korl\u00e1toz\u00e1s\u00e1t k\u00e9ri \u00e9s \u00d6n vitatja az ilyen adatok pontoss\u00e1g\u00e1t. Az Adatkezel\u0151 korl\u00e1tozza az \u00d6n szem\u00e9lyes adatainak kezel\u00e9s\u00e9t, ha \u00d6n olyan adatok kezel\u00e9s\u00e9nek korl\u00e1toz\u00e1s\u00e1t k\u00e9ri, amelyek kezel\u00e9se jogellenes, \u00e9s \u00d6n ellenzi az ilyen adatok t\u00f6rl\u00e9s\u00e9t.<\/span><br \/><span style=\"font-size: 15px; font-family: 'Golos Text';\">Az Adatkezel\u0151 korl\u00e1tozza az \u00d6n szem\u00e9lyes adatainak kezel\u00e9s\u00e9t, ha<\/span><br \/><span style=\"font-size: 15px; font-family: 'Golos Text';\">(a) \u00d6n a szem\u00e9lyes adatai kezel\u00e9s\u00e9nek korl\u00e1toz\u00e1s\u00e1t k\u00e9ri<\/span><br \/><span style=\"font-size: 15px; font-family: 'Golos Text';\">(b) az Adatkezel\u0151nek m\u00e1r nincs sz\u00fcks\u00e9ge ezekre az adatokra az adatkezel\u00e9se c\u00e9lj\u00e1b\u00f3l<\/span><br \/><span style=\"font-size: 15px; font-family: 'Golos Text';\">(c) \u00d6n az adatait jogi ig\u00e9ny el\u0151terjeszt\u00e9s\u00e9hez, \u00e9rv\u00e9nyes\u00edt\u00e9s\u00e9hez vagy v\u00e9delm\u00e9hez ig\u00e9nyli.<\/span><br \/><span style=\"font-size: 15px; font-family: 'Golos Text';\">Az Adatkezel\u0151 korl\u00e1tozza az \u00d6n szem\u00e9lyes adatainak kezel\u00e9s\u00e9t, ha<\/span><br \/><span style=\"font-size: 15px; font-family: 'Golos Text';\">(a) \u00d6n tiltakozik az olyan szem\u00e9lyes adatai kezel\u00e9se ellen, amik sz\u00fcks\u00e9gesek az Adatkezel\u0151 jogos \u00e9rdekei c\u00e9lj\u00e1b\u00f3l<\/span><br \/><span style=\"font-size: 15px; font-family: 'Golos Text';\">(b) \u00d6n annak visszaigazol\u00e1s\u00e1ra v\u00e1r, hogy az \u00d6n szem\u00e9lyes adatainak az Adatkezel\u0151 \u00e1ltali kezel\u00e9s\u00e9re van jogszer\u0171 ok, amely nem \u00e9lvez els\u0151bbs\u00e9get az \u00d6n tiltakoz\u00e1s\u00e1val szemben.<\/span><br \/><span style=\"font-size: 15px; font-family: 'Golos Text';\">Az Adatkezel\u0151 az \u00d6n szem\u00e9lyes adatai kezel\u00e9s\u00e9nek korl\u00e1toz\u00e1s\u00e1r\u00f3l t\u00e1j\u00e9koztatja az ilyen szem\u00e9lyes adatok c\u00edmzettjeit (ha vannak ilyenek). Az Adatkezel\u0151 azonban nem t\u00e1j\u00e9koztatja a c\u00edmzetteket az ilyen korl\u00e1toz\u00e1sr\u00f3l, ha a c\u00edmzettek t\u00e1j\u00e9koztat\u00e1sa lehetetlen vagy ar\u00e1nytalanul nagy er\u0151fesz\u00edt\u00e9st ig\u00e9nyelne.<\/span><br \/><span style=\"font-size: 15px; font-family: 'Golos Text';\">Ha az Adatkezel\u0151 korl\u00e1tozza az \u00d6n szem\u00e9lyes adatainak kezel\u00e9s\u00e9t, akkor<\/span><br \/><span style=\"font-size: 15px; font-family: 'Golos Text';\">(a) t\u00e1rolhatja az ilyen szem\u00e9lyes adatokat<\/span><br \/><span style=\"font-size: 15px; font-family: 'Golos Text';\">(b) az \u00d6n hozz\u00e1j\u00e1rul\u00e1sa alapj\u00e1n kezelheti az ilyen szem\u00e9lyes adatokat<\/span><br \/><span style=\"font-size: 15px; font-family: 'Golos Text';\">(c) kezelheti a szem\u00e9lyes adatokat jogi ig\u00e9ny\u00e9nek el\u0151terjeszt\u00e9s\u00e9hez, \u00e9rv\u00e9nyes\u00edt\u00e9s\u00e9hez vagy v\u00e9delm\u00e9hez vagy valamely szem\u00e9ly jogainak megv\u00e9d\u00e9s\u00e9hez.<\/span><br \/><span style=\"font-size: 15px; font-family: 'Golos Text';\">5. Adathordozhat\u00f3s\u00e1ghoz val\u00f3 joga<\/span><br \/><span style=\"font-size: 15px; font-family: 'Golos Text';\">\u00d6n jogosult arra, hogy az \u00d6nre vonatkoz\u00f3, \u00d6n \u00e1ltal egy adatkezel\u0151 rendelkez\u00e9s\u00e9re bocs\u00e1tott szem\u00e9lyes adatait tagolt, sz\u00e9les k\u00f6rben haszn\u00e1lt, g\u00e9ppel olvashat\u00f3 form\u00e1tumban megkapja, tov\u00e1bb\u00e1 jogosult arra, hogy ezeket az adatokat egy m\u00e1sik adatkezel\u0151nek tov\u00e1bb\u00edts\u00e1k an\u00e9lk\u00fcl, hogy ez akad\u00e1lyozn\u00e1 (ahol technikailag lehets\u00e9ges) azt az adatkezel\u0151t, amelynek a szem\u00e9lyes adatokat a rendelkez\u00e9s\u00e9re bocs\u00e1totta, ha az adatkezel\u00e9s hozz\u00e1j\u00e1rul\u00e1son alapul vagy szerz\u0151d\u00e9s teljes\u00edt\u00e9s\u00e9hez sz\u00fcks\u00e9ges \u00e9s az adatkezel\u00e9s automatiz\u00e1lt m\u00f3don t\u00f6rt\u00e9nik.<\/span><br \/><span style=\"font-size: 15px; font-family: 'Golos Text';\">Az \u00d6n adathordozhat\u00f3s\u00e1ghoz val\u00f3 joga<\/span><br \/><span style=\"font-size: 15px; font-family: 'Golos Text';\">(a) nem terjed ki az anonim adatokra<\/span><br \/><span style=\"font-size: 15px; font-family: 'Golos Text';\">(b) az \u00d6nre vonatkoz\u00f3 szem\u00e9lyes adatokra terjed ki<\/span><br \/><span style=\"font-size: 15px; font-family: 'Golos Text';\">(c) nem terjed ki a nem \u00d6nre vonatkoz\u00f3 szem\u00e9lyes adatokra<\/span><br \/><span style=\"font-size: 15px; font-family: 'Golos Text';\">(d) nem terjed ki az egy\u00e9rtelm\u0171en \u00e1lneves\u00edtett adatokra.<\/span><br \/><span style=\"font-size: 15px; font-family: 'Golos Text';\">6. Az \u00d6n, mint \u00e9rintett k\u00e9relm\u00e9nek \u00fcgyint\u00e9z\u00e9si hat\u00e1rideje<\/span><br \/><span style=\"font-size: 15px; font-family: 'Golos Text';\">Az Adatkezel\u0151 az \u00d6nt a fentiek szerint megillet\u0151 jogosults\u00e1gokra vonatkoz\u00f3 k\u00e9relmekre indokolatlan k\u00e9sedelem n\u00e9lk\u00fcl, de legk\u00e9s\u0151bb egy h\u00f3napon bel\u00fcl v\u00e1laszol.<\/span><br \/><span style=\"font-size: 15px; font-family: 'Golos Text';\">7. Panasz beny\u00fajt\u00e1s\u00e1hoz val\u00f3 jog<\/span><br \/><span style=\"font-size: 15px; font-family: 'Golos Text';\">Ha \u00d6n \u00fagy v\u00e9li, hogy a jogait megs\u00e9rtett\u00e9k, az Adatkezel\u0151 azt javasolja, hogy kezdem\u00e9nyezzen egyeztet\u00e9st az Adatkezel\u0151vel k\u00f6zvetlen kapcsolatfelv\u00e9tel \u00fatj\u00e1n. Ha az ilyen egyeztet\u00e9s nem vezet eredm\u00e9nyre vagy ha \u00d6n nem k\u00edv\u00e1n r\u00e9szt venni ilyen tev\u00e9kenys\u00e9gben, a b\u00edr\u00f3s\u00e1ghoz vagy a NAIH-hoz fordulhat. B\u00edr\u00f3s\u00e1gi elj\u00e1r\u00e1s kezdem\u00e9nyez\u00e9se eset\u00e9n d\u00f6nthet \u00fagy, hogy az elj\u00e1r\u00e1st a lakc\u00edme vagy lak\u00f3helye szerint illet\u00e9kes b\u00edr\u00f3s\u00e1g el\u0151tt ind\u00edtja meg.<\/span><br \/><span style=\"font-size: 15px; font-family: 'Golos Text';\">A NAIH kapcsolati adatai a k\u00f6vetkez\u0151k:<\/span><br \/><span style=\"font-size: 15px; font-family: 'Golos Text';\">1125 Budapest, Szil\u00e1gyi Erzs\u00e9bet fasor 22\/C.<\/span><br \/><span style=\"font-size: 15px; font-family: 'Golos Text';\">Telefon: +36 1 391 1400<\/span><br \/><span style=\"font-size: 15px; font-family: 'Golos Text';\">Fax: +36 1 391 1410<\/span><br \/><span style=\"font-size: 15px; font-family: 'Golos Text';\">E-mail: <a href=\"mailto:ugyfelszolgalat@naih.hu\">ugyfelszolgalat@naih.hu<\/a><\/span><br \/><span style=\"font-size: 15px; font-family: 'Golos Text';\">Weboldal: <a href=\"http:\/\/www.naih.hu\" rel=\"nofollow noopener\" target=\"_blank\">www.naih.hu<\/a><\/span><br \/><span style=\"font-size: 15px; font-family: 'Golos Text';\">8. A jelen t\u00e1j\u00e9koztat\u00f3 m\u00f3dos\u00edt\u00e1sai<\/span><br \/><span style=\"font-size: 15px; font-family: 'Golos Text';\">Az Adatkezel\u0151 fenntartja a jogot, hogy b\u00e1rmikor m\u00f3dos\u00edtsa a jelen t\u00e1j\u00e9koztat\u00f3t. Az Adatkezel\u0151 adott esetben lev\u00e9lben vagy e-mailben \u00e9s minden esetben a vonatkoz\u00f3 jogszab\u00e1lyok szerint t\u00e1j\u00e9koztatja az \u00fcgyfeleket az ilyen m\u00f3dos\u00edt\u00e1sokr\u00f3l.<br \/><\/span><span style=\"font-size: 15px;\">2024.11.01.<\/span><\/p>\n\t\t\t\t\t\t\t\t<\/div>\n\t\t\t\t<\/div>\n\t\t\t\t\t<\/div>\n\t\t<\/div>\n\t\t\t\t\t<\/div>\n\t\t<\/section>\n\t\t\t\t<\/div>","protected":false},"excerpt":{"rendered":"<p>weboldalon t\u00f6rt\u00e9n\u0151 adatkezel\u00e9shez I. Adatkezel\u0151 megnevez\u00e9seC\u00e9gn\u00e9v: MiVaRe Kft.Ad\u00f3sz\u00e1m: 32255917-2-10e-mail: info@edenmassage.euII. Az adatkezel\u00e9s alapj\u00e1ul szolg\u00e1l\u00f3 jogszab\u00e1lyokA weboldalon t\u00f6rt\u00e9n\u0151 adatkezel\u00e9sekre az al\u00e1bbi jogszab\u00e1lyok vonatkoznak:\u2022 Az Eur\u00f3pai Parlament \u00e9s a Tan\u00e1cs (EU) 2016\/679 rendelete (2016. \u00e1prilis 27.) a term\u00e9szetes szem\u00e9lyeknek a szem\u00e9lyes adatok kezel\u00e9se tekintet\u00e9ben t\u00f6rt\u00e9n\u0151 v\u00e9delm\u00e9r\u0151l \u00e9s az ilyen adatok szabad \u00e1raml\u00e1s\u00e1r\u00f3l, valamint a 95\/46\/EK rendelet hat\u00e1lyon &#8230; <a title=\"Privacy Policy\" class=\"read-more\" href=\"https:\/\/edenmassage.eu\/en\/adatkezelesi-tajekoztato\/\" aria-label=\"Read more about Adatkezel\u00e9si t\u00e1j\u00e9koztat\u00f3\">Read more<\/a><\/p>","protected":false},"author":1,"featured_media":0,"parent":0,"menu_order":0,"comment_status":"closed","ping_status":"closed","template":"","meta":{"footnotes":""},"class_list":["post-3","page","type-page","status-publish"],"_links":{"self":[{"href":"https:\/\/edenmassage.eu\/en\/wp-json\/wp\/v2\/pages\/3","targetHints":{"allow":["GET"]}}],"collection":[{"href":"https:\/\/edenmassage.eu\/en\/wp-json\/wp\/v2\/pages"}],"about":[{"href":"https:\/\/edenmassage.eu\/en\/wp-json\/wp\/v2\/types\/page"}],"author":[{"embeddable":true,"href":"https:\/\/edenmassage.eu\/en\/wp-json\/wp\/v2\/users\/1"}],"replies":[{"embeddable":true,"href":"https:\/\/edenmassage.eu\/en\/wp-json\/wp\/v2\/comments?post=3"}],"version-history":[{"count":16,"href":"https:\/\/edenmassage.eu\/en\/wp-json\/wp\/v2\/pages\/3\/revisions"}],"predecessor-version":[{"id":6734,"href":"https:\/\/edenmassage.eu\/en\/wp-json\/wp\/v2\/pages\/3\/revisions\/6734"}],"wp:attachment":[{"href":"https:\/\/edenmassage.eu\/en\/wp-json\/wp\/v2\/media?parent=3"}],"curies":[{"name":"wp","href":"https:\/\/api.w.org\/{rel}","templated":true}]}}